{"id":53,"date":"2014-07-20T15:50:34","date_gmt":"2014-07-20T15:50:34","guid":{"rendered":"http:\/\/2pc.cl\/plantilla_2\/?page_id=53"},"modified":"2021-08-20T12:17:09","modified_gmt":"2021-08-20T16:17:09","slug":"concejales","status":"publish","type":"page","link":"https:\/\/pruebas-wp-ver.mph.cl\/?page_id=53","title":{"rendered":"Concejalas y Concejales #PADREHURTADO"},"content":{"rendered":"<p><img loading=\"lazy\" decoding=\"async\" class=\"wp-image-16168 size-large aligncenter\" src=\"http:\/\/pruebas-wp-ver.mph.cl\/wp-content\/uploads\/2021\/08\/grupal-1024x683.jpg\" alt=\"\" width=\"702\" height=\"468\" srcset=\"https:\/\/pruebas-wp-ver.mph.cl\/wp-content\/uploads\/2021\/08\/grupal.jpg 1024w, https:\/\/pruebas-wp-ver.mph.cl\/wp-content\/uploads\/2021\/08\/grupal-300x200.jpg 300w, https:\/\/pruebas-wp-ver.mph.cl\/wp-content\/uploads\/2021\/08\/grupal-768x512.jpg 768w\" sizes=\"(max-width: 702px) 100vw, 702px\" \/><\/p>\n<p>&nbsp;<\/p>\n<p style=\"text-align: center;\"><strong>Secretar\u00eda de Concejalas y Concejales : Myriam Hern\u00e1ndez Urbina \/ mhernandezu@mph.cl \/ Oficina: 224306060<\/strong><\/p>\n<p>&nbsp;<\/p>\n<p style=\"text-align: center;\"><em><strong>CONCEJALES I. MUNICIPALIDAD DE PADRE HURTADO<\/strong><\/em><\/p>\n<p>&nbsp;<\/p>\n<p><img loading=\"lazy\" decoding=\"async\" class=\"size-medium wp-image-16158 aligncenter\" src=\"http:\/\/pruebas-wp-ver.mph.cl\/wp-content\/uploads\/2021\/08\/ROCIO1-300x300.jpg\" alt=\"\" width=\"300\" height=\"300\" srcset=\"https:\/\/pruebas-wp-ver.mph.cl\/wp-content\/uploads\/2021\/08\/ROCIO1-300x300.jpg 300w, https:\/\/pruebas-wp-ver.mph.cl\/wp-content\/uploads\/2021\/08\/ROCIO1-150x150.jpg 150w, https:\/\/pruebas-wp-ver.mph.cl\/wp-content\/uploads\/2021\/08\/ROCIO1-768x768.jpg 768w, https:\/\/pruebas-wp-ver.mph.cl\/wp-content\/uploads\/2021\/08\/ROCIO1-50x50.jpg 50w, https:\/\/pruebas-wp-ver.mph.cl\/wp-content\/uploads\/2021\/08\/ROCIO1.jpg 1024w\" sizes=\"(max-width: 300px) 100vw, 300px\" \/><\/p>\n<p style=\"text-align: center;\"><strong>Concejala:\u00a0 \u00a0Roc\u00edo L\u00f3pez C\u00e9spedes.<\/strong><\/p>\n<p style=\"text-align: center;\"><strong> rlopezc@mph.cl<\/strong><\/p>\n<p>&nbsp;<\/p>\n<p><img loading=\"lazy\" decoding=\"async\" class=\"size-medium wp-image-16159 aligncenter\" src=\"http:\/\/pruebas-wp-ver.mph.cl\/wp-content\/uploads\/2021\/08\/MIGUEL1-300x300.jpg\" alt=\"\" width=\"300\" height=\"300\" srcset=\"https:\/\/pruebas-wp-ver.mph.cl\/wp-content\/uploads\/2021\/08\/MIGUEL1-300x300.jpg 300w, https:\/\/pruebas-wp-ver.mph.cl\/wp-content\/uploads\/2021\/08\/MIGUEL1-150x150.jpg 150w, https:\/\/pruebas-wp-ver.mph.cl\/wp-content\/uploads\/2021\/08\/MIGUEL1-768x768.jpg 768w, https:\/\/pruebas-wp-ver.mph.cl\/wp-content\/uploads\/2021\/08\/MIGUEL1-50x50.jpg 50w, https:\/\/pruebas-wp-ver.mph.cl\/wp-content\/uploads\/2021\/08\/MIGUEL1.jpg 1024w\" sizes=\"(max-width: 300px) 100vw, 300px\" \/><\/p>\n<p style=\"text-align: center;\"><strong>Concejal:\u00a0 \u00a0 \u00a0Miguel Ramos Pino.<\/strong><\/p>\n<p style=\"text-align: center;\"><strong>mramos@mph.cl<\/strong><\/p>\n<p>&nbsp;<\/p>\n<p><img loading=\"lazy\" decoding=\"async\" class=\"size-medium wp-image-16160 aligncenter\" src=\"http:\/\/pruebas-wp-ver.mph.cl\/wp-content\/uploads\/2021\/08\/MARICEL1-300x300.jpg\" alt=\"\" width=\"300\" height=\"300\" srcset=\"https:\/\/pruebas-wp-ver.mph.cl\/wp-content\/uploads\/2021\/08\/MARICEL1-300x300.jpg 300w, https:\/\/pruebas-wp-ver.mph.cl\/wp-content\/uploads\/2021\/08\/MARICEL1-150x150.jpg 150w, https:\/\/pruebas-wp-ver.mph.cl\/wp-content\/uploads\/2021\/08\/MARICEL1-768x768.jpg 768w, https:\/\/pruebas-wp-ver.mph.cl\/wp-content\/uploads\/2021\/08\/MARICEL1-50x50.jpg 50w, https:\/\/pruebas-wp-ver.mph.cl\/wp-content\/uploads\/2021\/08\/MARICEL1.jpg 1024w\" sizes=\"(max-width: 300px) 100vw, 300px\" \/><\/p>\n<p style=\"text-align: center;\"><strong>Concejala:\u00a0 \u00a0Maricel Arellano Merino.<\/strong><\/p>\n<p style=\"text-align: center;\"><strong>marellano@mph.cl<\/strong><\/p>\n<p>&nbsp;<\/p>\n<p style=\"text-align: center;\"><img loading=\"lazy\" decoding=\"async\" class=\"alignnone size-medium wp-image-16161\" src=\"http:\/\/pruebas-wp-ver.mph.cl\/wp-content\/uploads\/2021\/08\/PATO1-300x300.jpg\" alt=\"\" width=\"300\" height=\"300\" srcset=\"https:\/\/pruebas-wp-ver.mph.cl\/wp-content\/uploads\/2021\/08\/PATO1-300x300.jpg 300w, https:\/\/pruebas-wp-ver.mph.cl\/wp-content\/uploads\/2021\/08\/PATO1-150x150.jpg 150w, https:\/\/pruebas-wp-ver.mph.cl\/wp-content\/uploads\/2021\/08\/PATO1-768x768.jpg 768w, https:\/\/pruebas-wp-ver.mph.cl\/wp-content\/uploads\/2021\/08\/PATO1-50x50.jpg 50w, https:\/\/pruebas-wp-ver.mph.cl\/wp-content\/uploads\/2021\/08\/PATO1.jpg 1024w\" sizes=\"(max-width: 300px) 100vw, 300px\" \/><\/p>\n<p style=\"text-align: center;\"><strong>Concejal:\u00a0 \u00a0 \u00a0Patricio Mu\u00f1oz Vegas.<\/strong><\/p>\n<p style=\"text-align: center;\"><strong>pmunoz@mph.cl<\/strong><\/p>\n<p>&nbsp;<\/p>\n<p><img loading=\"lazy\" decoding=\"async\" class=\"alignnone size-medium wp-image-16166 aligncenter\" src=\"http:\/\/pruebas-wp-ver.mph.cl\/wp-content\/uploads\/2021\/08\/NACHO1-300x300.jpg\" alt=\"\" width=\"300\" height=\"300\" srcset=\"https:\/\/pruebas-wp-ver.mph.cl\/wp-content\/uploads\/2021\/08\/NACHO1-300x300.jpg 300w, https:\/\/pruebas-wp-ver.mph.cl\/wp-content\/uploads\/2021\/08\/NACHO1-150x150.jpg 150w, https:\/\/pruebas-wp-ver.mph.cl\/wp-content\/uploads\/2021\/08\/NACHO1-768x768.jpg 768w, https:\/\/pruebas-wp-ver.mph.cl\/wp-content\/uploads\/2021\/08\/NACHO1-50x50.jpg 50w, https:\/\/pruebas-wp-ver.mph.cl\/wp-content\/uploads\/2021\/08\/NACHO1.jpg 1024w\" sizes=\"(max-width: 300px) 100vw, 300px\" \/><\/p>\n<p style=\"text-align: center;\"><strong>Concejal:\u00a0 \u00a0 \u00a0Ignacio Arias D\u00edaz.<\/strong><\/p>\n<p style=\"text-align: center;\"><strong>iarias@mph.cl<\/strong><\/p>\n<p>&nbsp;<\/p>\n<p><img loading=\"lazy\" decoding=\"async\" class=\"size-medium wp-image-16167 aligncenter\" src=\"http:\/\/pruebas-wp-ver.mph.cl\/wp-content\/uploads\/2021\/08\/MARTA1-300x300.jpg\" alt=\"\" width=\"300\" height=\"300\" srcset=\"https:\/\/pruebas-wp-ver.mph.cl\/wp-content\/uploads\/2021\/08\/MARTA1-300x300.jpg 300w, https:\/\/pruebas-wp-ver.mph.cl\/wp-content\/uploads\/2021\/08\/MARTA1-150x150.jpg 150w, https:\/\/pruebas-wp-ver.mph.cl\/wp-content\/uploads\/2021\/08\/MARTA1-768x768.jpg 768w, https:\/\/pruebas-wp-ver.mph.cl\/wp-content\/uploads\/2021\/08\/MARTA1-50x50.jpg 50w, https:\/\/pruebas-wp-ver.mph.cl\/wp-content\/uploads\/2021\/08\/MARTA1.jpg 1024w\" sizes=\"(max-width: 300px) 100vw, 300px\" \/><\/p>\n<p style=\"text-align: center;\"><strong>Concejala:\u00a0 \u00a0Marta Pi\u00f1a Hueche.<\/strong><\/p>\n<p style=\"text-align: center;\"><strong>mpina@mph.cl<\/strong><\/p>\n<p>&nbsp;<\/p>\n","protected":false},"excerpt":{"rendered":"<p>&nbsp; Secretar\u00eda de Concejalas y Concejales : Myriam Hern\u00e1ndez Urbina \/ mhernandezu@mph.cl \/ Oficina: 224306060 &nbsp; CONCEJALES I. MUNICIPALIDAD DE PADRE HURTADO &nbsp; Concejala:\u00a0 \u00a0Roc\u00edo L\u00f3pez C\u00e9spedes. rlopezc@mph.cl &nbsp; Concejal:\u00a0 \u00a0 \u00a0Miguel Ramos Pino. mramos@mph.cl &nbsp; Concejala:\u00a0 \u00a0Maricel Arellano Merino. marellano@mph.cl &nbsp; Concejal:\u00a0 \u00a0 \u00a0Patricio Mu\u00f1oz Vegas. pmunoz@mph.cl &nbsp; Concejal:\u00a0 \u00a0 \u00a0Ignacio Arias D\u00edaz. iarias@mph.cl<\/p>\n<div class=\"read-more\"><a href=\"https:\/\/pruebas-wp-ver.mph.cl\/?page_id=53\" title=\"Read More\">Read More<\/a><\/div>\n","protected":false},"author":5,"featured_media":0,"parent":40,"menu_order":0,"comment_status":"open","ping_status":"open","template":"","meta":{"footnotes":""},"_links":{"self":[{"href":"https:\/\/pruebas-wp-ver.mph.cl\/index.php?rest_route=\/wp\/v2\/pages\/53"}],"collection":[{"href":"https:\/\/pruebas-wp-ver.mph.cl\/index.php?rest_route=\/wp\/v2\/pages"}],"about":[{"href":"https:\/\/pruebas-wp-ver.mph.cl\/index.php?rest_route=\/wp\/v2\/types\/page"}],"author":[{"embeddable":true,"href":"https:\/\/pruebas-wp-ver.mph.cl\/index.php?rest_route=\/wp\/v2\/users\/5"}],"replies":[{"embeddable":true,"href":"https:\/\/pruebas-wp-ver.mph.cl\/index.php?rest_route=%2Fwp%2Fv2%2Fcomments&post=53"}],"version-history":[{"count":37,"href":"https:\/\/pruebas-wp-ver.mph.cl\/index.php?rest_route=\/wp\/v2\/pages\/53\/revisions"}],"predecessor-version":[{"id":16171,"href":"https:\/\/pruebas-wp-ver.mph.cl\/index.php?rest_route=\/wp\/v2\/pages\/53\/revisions\/16171"}],"up":[{"embeddable":true,"href":"https:\/\/pruebas-wp-ver.mph.cl\/index.php?rest_route=\/wp\/v2\/pages\/40"}],"wp:attachment":[{"href":"https:\/\/pruebas-wp-ver.mph.cl\/index.php?rest_route=%2Fwp%2Fv2%2Fmedia&parent=53"}],"curies":[{"name":"wp","href":"https:\/\/api.w.org\/{rel}","templated":true}]}}